{"id":1084,"date":"2018-05-10T21:14:43","date_gmt":"2018-05-10T21:14:43","guid":{"rendered":"http:\/\/madrid.eventosapf.com\/?page_id=1084"},"modified":"2019-12-12T15:18:59","modified_gmt":"2019-12-12T15:18:59","slug":"presentaciones","status":"publish","type":"page","link":"https:\/\/madrid.eventosapf.com\/es\/presentaciones\/","title":{"rendered":"Presentaciones"},"content":{"rendered":"<p><strong>Martes 8 de mayo<\/strong><\/p>\n<p>Panel<\/p>\n<p><strong>\u201cChapter 11\u201d en acci\u00f3n<\/strong><\/p>\n<p>Un an\u00e1lisis comparativo del impacto de la aplicaci\u00f3n de \u201cChapter 11\u201d en los ramos de Fianzas y Seguro de Cr\u00e9dito.<\/p>\n<p>Oradores:<\/p>\n<ul>\n<li><a href=\"https:\/\/madrid.eventosapf.com\/wp-content\/uploads\/2018\/05\/Chapter-11-Peral-Cagigal-ESP.pdf\" target=\"_blank\" rel=\"noopener noreferrer\">Diego Mart\u00ednez del Peral Cagigal (Director de Siniestros y Recobro, Solunion Seguros de Cr\u00e9dito, Espa\u00f1a)\u00a0<img loading=\"lazy\" decoding=\"async\" class=\"lazyload alignnone size-full wp-image-1095\" src=\"data:image\/gif;base64,R0lGODlhAQABAAAAACH5BAEKAAEALAAAAAABAAEAAAICTAEAOw==\" data-src=\"https:\/\/madrid.eventosapf.com\/wp-content\/uploads\/2018\/05\/adobe-pdf-Copy.png\" alt=\"\" width=\"25\" height=\"18\" \/><\/a><\/li>\n<li><a href=\"https:\/\/madrid.eventosapf.com\/wp-content\/uploads\/2018\/05\/Chapter-11-Mart\u00ednez-ESP.pdf\" target=\"_blank\" rel=\"noopener noreferrer\">Pablo Mart\u00ednez (Director de Reestructuraci\u00f3n de Deuda y Asesoramiento Espa\u00f1a y Portugal, Cr\u00e9dit Agricole Corporate &amp; Investment Bank, Espa\u00f1a)\u00a0<img loading=\"lazy\" decoding=\"async\" class=\"lazyload alignnone size-full wp-image-1095\" src=\"data:image\/gif;base64,R0lGODlhAQABAAAAACH5BAEKAAEALAAAAAABAAEAAAICTAEAOw==\" data-src=\"https:\/\/madrid.eventosapf.com\/wp-content\/uploads\/2018\/05\/adobe-pdf-Copy.png\" alt=\"\" width=\"25\" height=\"18\" \/><\/a><\/li>\n<li><a href=\"https:\/\/madrid.eventosapf.com\/wp-content\/uploads\/2018\/05\/Chapter-11-Portillo.pdf\" target=\"_blank\" rel=\"noopener noreferrer\">Mar\u00eda Gonz\u00e1lez Portillo (Jefa del Departamento de Recobro Global, Grupo CESCE)\u00a0<img loading=\"lazy\" decoding=\"async\" class=\"lazyload alignnone size-full wp-image-1095\" src=\"data:image\/gif;base64,R0lGODlhAQABAAAAACH5BAEKAAEALAAAAAABAAEAAAICTAEAOw==\" data-src=\"https:\/\/madrid.eventosapf.com\/wp-content\/uploads\/2018\/05\/adobe-pdf-Copy.png\" alt=\"\" width=\"25\" height=\"18\" \/><\/a><\/li>\n<\/ul>\n<p>Coloquio<\/p>\n<p><strong>\u00daltimas tendencias en el marco regulatorio del seguro y la banca, y su importancia para la fianza y el seguro de cr\u00e9dito. Basilea IV y Solvencia II<\/strong><\/p>\n<p>Oradores:<\/p>\n<ul>\n<li><a href=\"https:\/\/madrid.eventosapf.com\/wp-content\/uploads\/2018\/05\/Gomez-Bermudez-ESP.pdf\" target=\"_blank\" rel=\"noopener noreferrer\">Clara G\u00f3mez Berm\u00fadez (Directora de Solvencia, Catalana Occidente Grupo Asegurador, Espa\u00f1a)\u00a0<img loading=\"lazy\" decoding=\"async\" class=\"lazyload alignnone size-full wp-image-1095\" src=\"data:image\/gif;base64,R0lGODlhAQABAAAAACH5BAEKAAEALAAAAAABAAEAAAICTAEAOw==\" data-src=\"https:\/\/madrid.eventosapf.com\/wp-content\/uploads\/2018\/05\/adobe-pdf-Copy.png\" alt=\"\" width=\"25\" height=\"18\" \/><\/a><\/li>\n<li>Luc Reuter (Jefe de Cauci\u00f3n para Europa, Chubb, Alemania)<\/li>\n<\/ul>\n<p>Conferencia<\/p>\n<p><strong>The Surety &amp; Fidelity Association of America<\/strong><\/p>\n<p>Oradora:<\/p>\n<ul>\n<li><a href=\"https:\/\/madrid.eventosapf.com\/wp-content\/uploads\/2018\/05\/SFAA-Schubert-ESP.pdf\" target=\"_blank\" rel=\"noopener noreferrer\">Lynn Schubert (Presidente de SFAA)\u00a0<img loading=\"lazy\" decoding=\"async\" class=\"lazyload alignnone size-full wp-image-1095\" src=\"data:image\/gif;base64,R0lGODlhAQABAAAAACH5BAEKAAEALAAAAAABAAEAAAICTAEAOw==\" data-src=\"https:\/\/madrid.eventosapf.com\/wp-content\/uploads\/2018\/05\/adobe-pdf-Copy.png\" alt=\"\" width=\"25\" height=\"18\" \/><\/a><\/li>\n<\/ul>\n<p>&nbsp;<\/p>\n<hr \/>\n<p>&nbsp;<\/p>\n<p><strong>Mi\u00e9rcoles 9 de mayo<\/strong><\/p>\n<p>Conferencia<\/p>\n<p><strong>El mercado de fianzas en China<\/strong><\/p>\n<p>Las caracter\u00edsticas y la situaci\u00f3n actual del mercado de fianzas. Experiencias de los contratistas asi\u00e1ticos en Latinoam\u00e9rica.<\/p>\n<p>Orador:<\/p>\n<ul>\n<li><a href=\"https:\/\/madrid.eventosapf.com\/wp-content\/uploads\/2018\/05\/China-ESP.pdf\" target=\"_blank\" rel=\"noopener noreferrer\">Shi Jun (Presidente, China National Investment &amp; Guaranty Corporation, LTD, China)\u00a0<img loading=\"lazy\" decoding=\"async\" class=\"lazyload alignnone size-full wp-image-1095\" src=\"data:image\/gif;base64,R0lGODlhAQABAAAAACH5BAEKAAEALAAAAAABAAEAAAICTAEAOw==\" data-src=\"https:\/\/madrid.eventosapf.com\/wp-content\/uploads\/2018\/05\/adobe-pdf-Copy.png\" alt=\"\" width=\"25\" height=\"18\" \/><\/a><\/li>\n<\/ul>\n<p>Conferencia<\/p>\n<p><strong>La operaci\u00f3n Lava Jato y su impacto en el mercado afianzador brasile\u00f1o<\/strong><\/p>\n<p>Oradora:<\/p>\n<ul>\n<li><a href=\"https:\/\/madrid.eventosapf.com\/wp-content\/uploads\/2018\/05\/Santana-ENG.pdf\" target=\"_blank\" rel=\"noopener noreferrer\">Sandra Santana (Chubb Surety Brazil)\u00a0<img loading=\"lazy\" decoding=\"async\" class=\"lazyload alignnone size-full wp-image-1095\" src=\"data:image\/gif;base64,R0lGODlhAQABAAAAACH5BAEKAAEALAAAAAABAAEAAAICTAEAOw==\" data-src=\"https:\/\/madrid.eventosapf.com\/wp-content\/uploads\/2018\/05\/adobe-pdf-Copy.png\" alt=\"\" width=\"25\" height=\"18\" \/><\/a><\/li>\n<\/ul>\n<p><strong>Relaciones Institucionales de la APF<\/strong><\/p>\n<ul>\n<li><a href=\"https:\/\/madrid.eventosapf.com\/wp-content\/uploads\/2018\/05\/ICISA-Nijhout-ESP.pdf\" target=\"_blank\" rel=\"noopener noreferrer\">Informe de ICISA\u00a0<img loading=\"lazy\" decoding=\"async\" class=\"lazyload alignnone size-full wp-image-1095\" src=\"data:image\/gif;base64,R0lGODlhAQABAAAAACH5BAEKAAEALAAAAAABAAEAAAICTAEAOw==\" data-src=\"https:\/\/madrid.eventosapf.com\/wp-content\/uploads\/2018\/05\/adobe-pdf-Copy.png\" alt=\"\" width=\"25\" height=\"18\" \/><\/a><\/li>\n<li><a href=\"https:\/\/madrid.eventosapf.com\/wp-content\/uploads\/2018\/05\/ALASECE-ESP.pdf\" target=\"_blank\" rel=\"noopener noreferrer\">Informe de ALASECE\u00a0<img loading=\"lazy\" decoding=\"async\" class=\"lazyload alignnone size-full wp-image-1095\" src=\"data:image\/gif;base64,R0lGODlhAQABAAAAACH5BAEKAAEALAAAAAABAAEAAAICTAEAOw==\" data-src=\"https:\/\/madrid.eventosapf.com\/wp-content\/uploads\/2018\/05\/adobe-pdf-Copy.png\" alt=\"\" width=\"25\" height=\"18\" \/><\/a><\/li>\n<\/ul>\n<p>&nbsp;<\/p>\n","protected":false},"excerpt":{"rendered":"<p>Martes 8 de mayo Panel \u201cChapter 11\u201d en acci\u00f3n Un an\u00e1lisis comparativo del impacto de la aplicaci\u00f3n de \u201cChapter 11\u201d en los ramos de Fianzas&hellip;<\/p>\n<p><a href=\"https:\/\/madrid.eventosapf.com\/es\/presentaciones\/\" class=\"read-more-link\"><span class=\"read-more-icon\"><\/span>Read more<\/a><\/p>\n","protected":false},"author":1,"featured_media":0,"parent":0,"menu_order":0,"comment_status":"closed","ping_status":"closed","template":"","meta":{"footnotes":""},"class_list":["post-1084","page","type-page","status-publish","hentry"],"_links":{"self":[{"href":"https:\/\/madrid.eventosapf.com\/es\/wp-json\/wp\/v2\/pages\/1084","targetHints":{"allow":["GET"]}}],"collection":[{"href":"https:\/\/madrid.eventosapf.com\/es\/wp-json\/wp\/v2\/pages"}],"about":[{"href":"https:\/\/madrid.eventosapf.com\/es\/wp-json\/wp\/v2\/types\/page"}],"author":[{"embeddable":true,"href":"https:\/\/madrid.eventosapf.com\/es\/wp-json\/wp\/v2\/users\/1"}],"replies":[{"embeddable":true,"href":"https:\/\/madrid.eventosapf.com\/es\/wp-json\/wp\/v2\/comments?post=1084"}],"version-history":[{"count":0,"href":"https:\/\/madrid.eventosapf.com\/es\/wp-json\/wp\/v2\/pages\/1084\/revisions"}],"wp:attachment":[{"href":"https:\/\/madrid.eventosapf.com\/es\/wp-json\/wp\/v2\/media?parent=1084"}],"curies":[{"name":"wp","href":"https:\/\/api.w.org\/{rel}","templated":true}]}}