{"id":109,"date":"2017-10-18T22:29:36","date_gmt":"2017-10-18T22:29:36","guid":{"rendered":"http:\/\/madrid.eventosapf.com\/?page_id=109"},"modified":"2017-11-12T21:46:01","modified_gmt":"2017-11-12T21:46:01","slug":"hotel","status":"publish","type":"page","link":"https:\/\/madrid.eventosapf.com\/es\/hotel\/","title":{"rendered":"Hotel"},"content":{"rendered":"<p><img loading=\"lazy\" decoding=\"async\" class=\"lazyload  wp-image-106 aligncenter\" src=\"data:image\/gif;base64,R0lGODlhAQABAAAAACH5BAEKAAEALAAAAAABAAEAAAICTAEAOw==\" data-src=\"https:\/\/madrid.eventosapf.com\/wp-content\/uploads\/2017\/06\/Melia.jpg\" alt=\"\" width=\"149\" height=\"108\" \/><\/p>\n<p>&nbsp;<\/p>\n<p>&nbsp;<\/p>\n<p><strong>Hotel Sede:<\/strong> Meli\u00e1 Castilla<br \/>\n<strong>Direcci\u00f3n:<\/strong> Calle del Poeta Joan Maragall, 43, 28020 Madrid, Espa\u00f1a<br \/>\n<strong>Tel\u00e9fono:<\/strong> +34 915 67 50 00<br \/>\n<strong>Sitio web:<\/strong> <a href=\"https:\/\/www.melia.com\/es\/hoteles\/espana\/madrid\/melia-castilla\/index.html\">www.meliacastilla.com<\/a><\/p>\n<p><img loading=\"lazy\" decoding=\"async\" class=\"lazyload  wp-image-276 aligncenter\" src=\"data:image\/gif;base64,R0lGODlhAQABAAAAACH5BAEKAAEALAAAAAABAAEAAAICTAEAOw==\" data-src=\"https:\/\/madrid.eventosapf.com\/wp-content\/uploads\/2017\/11\/hotel-melia-castilla-exterior-404fba6-300x154.jpg\" alt=\"\" width=\"582\" height=\"299\" \/><\/p>\n<p>El Meli\u00e1 Castilla ofrece una perfecta combinaci\u00f3n de los estilos cl\u00e1sico y contempor\u00e1neo y est\u00e1 considerado uno de los hoteles m\u00e1s emblem\u00e1ticos de Madrid.<\/p>\n<p>Tiene excelentes v\u00edas de comunicaci\u00f3n hacia el aeropuerto, museos y puntos de inter\u00e9s tur\u00edstico y es el hotel de Madrid con mayor capacidad para celebrar eventos de negocios gracias a sus 915 habitaciones y sus espaciosos salones de reuniones.<\/p>\n<p>Todas las habitaciones son luminosas y poseen aislaci\u00f3n ac\u00fastica y acceso a wifi de alta velocidad.<\/p>\n<p>Sus restaurantes permiten disfrutar de una variada gastronom\u00eda: <em>L\u2019Albufera, <\/em>donde se sirven los mejores arroces y paellas de la ciudad; <em>La Brasserie<\/em>, abierta todo el d\u00eda para almuerzos o cenas, y el <em>Caf\u00e9 Saig\u00f3n<\/em>, con degustaci\u00f3n de comida asi\u00e1tica.<\/p>\n<p><iframe loading=\"lazy\" style=\"border: 0;\" src=\"https:\/\/www.google.com\/maps\/embed?pb=!1m14!1m8!1m3!1d12142.49276267358!2d-3.6922645!3d40.4614762!3m2!1i1024!2i768!4f13.1!3m3!1m2!1s0x0%3A0xd1ce794508da5e9d!2sHotel+Meli%C3%A1+Castilla!5e0!3m2!1ses!2sar!4v1508366088580\" width=\"600\" height=\"450\" frameborder=\"0\" allowfullscreen=\"allowfullscreen\"><\/iframe><\/p>\n<p>&nbsp;<\/p>\n","protected":false},"excerpt":{"rendered":"<p>&nbsp; &nbsp; Hotel Sede: Meli\u00e1 Castilla Direcci\u00f3n: Calle del Poeta Joan Maragall, 43, 28020 Madrid, Espa\u00f1a Tel\u00e9fono: +34 915 67 50 00 Sitio web: www.meliacastilla.com&hellip;<\/p>\n<p><a href=\"https:\/\/madrid.eventosapf.com\/es\/hotel\/\" class=\"read-more-link\"><span class=\"read-more-icon\"><\/span>Read more<\/a><\/p>\n","protected":false},"author":1,"featured_media":0,"parent":0,"menu_order":0,"comment_status":"closed","ping_status":"closed","template":"","meta":{"footnotes":""},"class_list":["post-109","page","type-page","status-publish","hentry"],"_links":{"self":[{"href":"https:\/\/madrid.eventosapf.com\/es\/wp-json\/wp\/v2\/pages\/109","targetHints":{"allow":["GET"]}}],"collection":[{"href":"https:\/\/madrid.eventosapf.com\/es\/wp-json\/wp\/v2\/pages"}],"about":[{"href":"https:\/\/madrid.eventosapf.com\/es\/wp-json\/wp\/v2\/types\/page"}],"author":[{"embeddable":true,"href":"https:\/\/madrid.eventosapf.com\/es\/wp-json\/wp\/v2\/users\/1"}],"replies":[{"embeddable":true,"href":"https:\/\/madrid.eventosapf.com\/es\/wp-json\/wp\/v2\/comments?post=109"}],"version-history":[{"count":0,"href":"https:\/\/madrid.eventosapf.com\/es\/wp-json\/wp\/v2\/pages\/109\/revisions"}],"wp:attachment":[{"href":"https:\/\/madrid.eventosapf.com\/es\/wp-json\/wp\/v2\/media?parent=109"}],"curies":[{"name":"wp","href":"https:\/\/api.w.org\/{rel}","templated":true}]}}