{"id":914,"date":"2018-03-30T23:33:38","date_gmt":"2018-03-30T23:33:38","guid":{"rendered":"http:\/\/madrid.eventosapf.com\/keynote\/"},"modified":"2018-03-31T00:04:52","modified_gmt":"2018-03-31T00:04:52","slug":"keynote","status":"publish","type":"page","link":"https:\/\/madrid.eventosapf.com\/es\/keynote\/","title":{"rendered":"Keynote"},"content":{"rendered":"<h1><strong>Daniel Lacalle<\/strong><\/h1>\n<p><img loading=\"lazy\" decoding=\"async\" class=\"lazyload size-medium wp-image-916 alignleft\" src=\"data:image\/gif;base64,R0lGODlhAQABAAAAACH5BAEKAAEALAAAAAABAAEAAAICTAEAOw==\" data-src=\"https:\/\/madrid.eventosapf.com\/wp-content\/uploads\/2018\/03\/lacalle-300x225.png\" alt=\"\" width=\"300\" height=\"225\" \/>Daniel Lacalle naci\u00f3 en Madrid, en 1967. Es licenciado en Ciencias Econ\u00f3micas y Empresariales por la Universidad Aut\u00f3noma de Madrid, posee el t\u00edtulo de analista financiero internacional CIIA (Certified International Investment Analyst), un posgrado (PDD) por el IESE (Universidad de Navarra) y un m\u00e1ster en Investigaci\u00f3n Econ\u00f3mica (Universidad Cat\u00f3lica de Valencia). Es profesor en IE Business School, Instituto de Estudios Burs\u00e1tiles (IEB) y en la UNED. Tambi\u00e9n ha ense\u00f1ado en la London School of Economics, en Escuela AFI y en el M\u00e1ster MEMFI de la UNED.<\/p>\n<p>Lacalle es miembro de la junta consultiva de la Fundaci\u00f3n Rafael del Pino y comisionado de la Comunidad de Madrid en Londres.<\/p>\n<p>Cuenta con m\u00e1s de 24 a\u00f1os de experiencia en los sectores de energ\u00eda y finanzas, incluso en el norte de \u00c1frica, Am\u00e9rica Latina y Oriente Medio. Actualmente se dedica a la gesti\u00f3n de carteras.<\/p>\n<p>En 2016 fue incluido entre los 20 economistas m\u00e1s influyentes del mundo seg\u00fan la clasificaci\u00f3n de Richtopia. Ha sido votado durante cuatro a\u00f1os consecutivos en el Top 3 de los mejores gestores en las categor\u00edas General, Petroleras y El\u00e9ctricas seg\u00fan el Extel Survey, el <em>ranking<\/em> de Thomson Reuters.<\/p>\n<p>Lacalle ha escrito varios libros que han alcanzado r\u00e9cords de ventas, como <em>Nosotros, los mercados;<\/em> <em>La madre de todas las batallas<\/em> (con Diego Parrilla) y <em>La gran trampa<\/em>.<\/p>\n<p>Es colaborador habitual de CNBC, <em>El Espa\u00f1ol<\/em>, Hedgeye y <em>The Wall Street Journal<\/em>. Asimismo, dicta conferencias en London School of Economics, en la UNED y en IE Business School.<\/p>\n<p>&nbsp;<\/p>\n","protected":false},"excerpt":{"rendered":"<p>Daniel Lacalle Daniel Lacalle naci\u00f3 en Madrid, en 1967. Es licenciado en Ciencias Econ\u00f3micas y Empresariales por la Universidad Aut\u00f3noma de Madrid, posee el t\u00edtulo&hellip;<\/p>\n<p><a href=\"https:\/\/madrid.eventosapf.com\/es\/keynote\/\" class=\"read-more-link\"><span class=\"read-more-icon\"><\/span>Read more<\/a><\/p>\n","protected":false},"author":1,"featured_media":0,"parent":0,"menu_order":0,"comment_status":"closed","ping_status":"closed","template":"","meta":{"footnotes":""},"class_list":["post-914","page","type-page","status-publish","hentry"],"_links":{"self":[{"href":"https:\/\/madrid.eventosapf.com\/es\/wp-json\/wp\/v2\/pages\/914","targetHints":{"allow":["GET"]}}],"collection":[{"href":"https:\/\/madrid.eventosapf.com\/es\/wp-json\/wp\/v2\/pages"}],"about":[{"href":"https:\/\/madrid.eventosapf.com\/es\/wp-json\/wp\/v2\/types\/page"}],"author":[{"embeddable":true,"href":"https:\/\/madrid.eventosapf.com\/es\/wp-json\/wp\/v2\/users\/1"}],"replies":[{"embeddable":true,"href":"https:\/\/madrid.eventosapf.com\/es\/wp-json\/wp\/v2\/comments?post=914"}],"version-history":[{"count":0,"href":"https:\/\/madrid.eventosapf.com\/es\/wp-json\/wp\/v2\/pages\/914\/revisions"}],"wp:attachment":[{"href":"https:\/\/madrid.eventosapf.com\/es\/wp-json\/wp\/v2\/media?parent=914"}],"curies":[{"name":"wp","href":"https:\/\/api.w.org\/{rel}","templated":true}]}}